{"id":105,"date":"2025-02-10T10:58:46","date_gmt":"2025-02-10T10:58:46","guid":{"rendered":"https:\/\/vieira-batista.controlinkdev.pt\/?page_id=105"},"modified":"2025-03-12T11:10:56","modified_gmt":"2025-03-12T11:10:56","slug":"about","status":"publish","type":"page","link":"https:\/\/vieira-batista.controlinkdev.pt\/en\/about\/","title":{"rendered":"About"},"content":{"rendered":"<div data-elementor-type=\"wp-page\" data-elementor-id=\"105\" class=\"elementor elementor-105\" data-elementor-post-type=\"page\">\n\t\t\t\t<div class=\"elementor-element elementor-element-5a5de36 e-flex e-con-boxed e-con e-parent\" data-id=\"5a5de36\" data-element_type=\"container\" data-e-type=\"container\">\n\t\t\t\t\t<div class=\"e-con-inner\">\n\t\t<div class=\"elementor-element elementor-element-674c27e e-con-full e-flex e-con e-child\" data-id=\"674c27e\" data-element_type=\"container\" data-e-type=\"container\" data-settings=\"{&quot;background_background&quot;:&quot;classic&quot;}\">\n\t\t\t\t<div class=\"elementor-element elementor-element-8f75ccd elementor-widget elementor-widget-image\" data-id=\"8f75ccd\" data-element_type=\"widget\" data-e-type=\"widget\" data-widget_type=\"image.default\">\n\t\t\t\t<div class=\"elementor-widget-container\">\n\t\t\t\t\t\t\t\t\t\t\t\t<figure class=\"wp-caption\">\n\t\t\t\t\t\t\t\t\t\t<img fetchpriority=\"high\" decoding=\"async\" width=\"841\" height=\"1084\" src=\"https:\/\/vieira-batista.controlinkdev.pt\/wp-content\/uploads\/2025\/03\/a12d05ed-cadd-46ed-9bf6-5bc96540a251.jpg\" class=\"attachment-full size-full wp-image-1444\" alt=\"\" srcset=\"https:\/\/vieira-batista.controlinkdev.pt\/wp-content\/uploads\/2025\/03\/a12d05ed-cadd-46ed-9bf6-5bc96540a251.jpg 841w, https:\/\/vieira-batista.controlinkdev.pt\/wp-content\/uploads\/2025\/03\/a12d05ed-cadd-46ed-9bf6-5bc96540a251-233x300.jpg 233w, https:\/\/vieira-batista.controlinkdev.pt\/wp-content\/uploads\/2025\/03\/a12d05ed-cadd-46ed-9bf6-5bc96540a251-794x1024.jpg 794w, https:\/\/vieira-batista.controlinkdev.pt\/wp-content\/uploads\/2025\/03\/a12d05ed-cadd-46ed-9bf6-5bc96540a251-768x990.jpg 768w, https:\/\/vieira-batista.controlinkdev.pt\/wp-content\/uploads\/2025\/03\/a12d05ed-cadd-46ed-9bf6-5bc96540a251-9x12.jpg 9w\" sizes=\"(max-width: 841px) 100vw, 841px\" \/>\t\t\t\t\t\t\t\t\t\t\t<figcaption class=\"widget-image-caption wp-caption-text\"><b>Lu\u00eds Vieira-Baptista <\/b><br> (PLASTIC ARTIST)<\/figcaption>\n\t\t\t\t\t\t\t\t\t\t<\/figure>\n\t\t\t\t\t\t\t\t\t<\/div>\n\t\t\t\t<\/div>\n\t\t\t\t<\/div>\n\t\t<div class=\"elementor-element elementor-element-e34d29b e-con-full e-flex e-con e-child\" data-id=\"e34d29b\" data-element_type=\"container\" data-e-type=\"container\">\n\t\t\t\t<div class=\"elementor-element elementor-element-f756fea elementor-widget elementor-widget-text-editor\" data-id=\"f756fea\" data-element_type=\"widget\" data-e-type=\"widget\" data-widget_type=\"text-editor.default\">\n\t\t\t\t<div class=\"elementor-widget-container\">\n\t\t\t\t\t\t\t\t\t<p>LU\u00cdS VIEIRA-BAPTISTA was born in Lisbon, in 1954.\u00a0<br \/>For military reasons, he graduated in Piloting in the Merchant Navy Nautical Officer course. He attended the Life Model Drawing course at SN Belas Artes in Lisbon.\u00a0<br \/>He exhibited his work individually for the first time in 1975, at the Casino Estoril Art Gallery.\u00a0<br \/>In the eighties he moved to Switzerland, where he truly began an international artistic career.<br \/>He returned to Portugal in 1990, carrying the aesthetic concept he created, \u2018Visionism\u2019, and formed two artistic groups:\u00a0<\/p>\t\t\t\t\t\t\t\t<\/div>\n\t\t\t\t<\/div>\n\t\t\t\t<\/div>\n\t\t\t\t\t<\/div>\n\t\t\t\t<\/div>\n\t\t<div class=\"elementor-element elementor-element-d045e65 e-flex e-con-boxed e-con e-parent\" data-id=\"d045e65\" data-element_type=\"container\" data-e-type=\"container\">\n\t\t\t\t\t<div class=\"e-con-inner\">\n\t\t<div class=\"elementor-element elementor-element-d21711f e-con-full e-flex e-con e-child\" data-id=\"d21711f\" data-element_type=\"container\" data-e-type=\"container\">\n\t\t\t\t<div class=\"elementor-element elementor-element-52e9f14 elementor-widget elementor-widget-text-editor\" data-id=\"52e9f14\" data-element_type=\"widget\" data-e-type=\"widget\" data-widget_type=\"text-editor.default\">\n\t\t\t\t<div class=\"elementor-widget-container\">\n\t\t\t\t\t\t\t\t\t<p>The \u201cVisionista\u201d, where the aforementioned aesthetic was presented in a Manifesto (Convento do Beato, Lisbon 1991), and the \u201cArtitude\u201d, aimed at intervening in public and heritage spaces with high-impact installations: \u201cCastelo de Leiria\u201d (The Blue Planet), \u201cM\u00e3e d\u00b4\u00c1gua das Amoreiras\u201d, Lisbon, (Nymphs of the Tagus and other goddesses) and \u201cA Divina Trag\u00e9dia\u201d, Museu de Hist\u00f3ria Natural, in Lisbon, among others (1994\/95).\u00a0<br \/>In 2000, the book\/album \u201cVisionismo ou as Sincronias do Acaso\u201d was launched at the International Contemporary Art Fair by Hugin Editores, and in 2021, Sociedade Estoril Sol published another book\/album entitled \u201cSonhar Portugal\u201d, referring to the visionist paintings of the Century. XXI.\u00a0<br \/>In 2003 he was awarded the Medal of Cultural Merit, Gold level, by the C.M. from Oeiras after building the sculptural monument \u201cAt the sea gate: Visionist Ship\u201d.\u00a0<br \/>Since 2017, the Main Hall of the Marquis of Pombal Foundation, Aciprestes Palace, Linda-a-Velha, has been named after him: Lu\u00eds Vieira-Baptista Main Hall.<br \/>He has held more than 50 solo exhibitions and dozens of collective and group shows.\u00a0<br \/>His most recent solo exhibition took place at the Convento de Cristo, in Tomar, (\u201cTelesma and the Knights of the Sea\u201d, 2023), and from February 17, 2024 he will participate in the collective exhibition of the David Melgueiro Association www.davidmelgueiro.org, of which he is the president, at the Loul\u00e9 salt mine with the environmental theme \u201cOceans \u2013 Sea is life\u201d.<br \/>The Municipal Councils of Lisbon, Oeiras, Cascais, Amadora, Sintra and \u00d3bidos have his works, both in painting (Sea Museum in Cascais, Water Museum, Lisbon, Jos\u00e9 Saramago Library, \u00d3bidos) and in public sculpture (Lisbon, Oeiras and Cascais), as well as some official bodies (ISEG, Lisbon; Escola Superior N\u00e1utica Inf. D. Henrique, Pa\u00e7o de Arcos; Polytechnic Institute, Leiria) and private bodies, Portuguese and foreign, among which the collection of Prince Albert II of Monaco stands out.<\/p>\t\t\t\t\t\t\t\t<\/div>\n\t\t\t\t<\/div>\n\t\t\t\t<\/div>\n\t\t\t\t\t<\/div>\n\t\t\t\t<\/div>\n\t\t\t\t<\/div>","protected":false},"excerpt":{"rendered":"<p>Lu\u00eds Vieira-Baptista (ARTISTA PLASTICO) LU\u00cdS VIEIRA-BAPTISTA nasceu em Lisboa, em 1954.\u00a0Por raz\u00f5es militares formou-se em Pilotagem no curso de Oficial N\u00e1utico da Marinha Mercante. Frequentou o curso de Desenho com Modelo Vivo na SN Belas Artes de Lisboa.\u00a0Exp\u00f4s individualmente pela primeira vez em 1975, na Galeria de Arte do Casino Estoril.\u00a0Na d\u00e9cada de oitenta foi [&hellip;]<\/p>\n","protected":false},"author":1,"featured_media":0,"parent":0,"menu_order":0,"comment_status":"closed","ping_status":"closed","template":"elementor_header_footer","meta":{"_acf_changed":false,"footnotes":""},"class_list":["post-105","page","type-page","status-publish","hentry"],"acf":[],"_links":{"self":[{"href":"https:\/\/vieira-batista.controlinkdev.pt\/en\/wp-json\/wp\/v2\/pages\/105","targetHints":{"allow":["GET"]}}],"collection":[{"href":"https:\/\/vieira-batista.controlinkdev.pt\/en\/wp-json\/wp\/v2\/pages"}],"about":[{"href":"https:\/\/vieira-batista.controlinkdev.pt\/en\/wp-json\/wp\/v2\/types\/page"}],"author":[{"embeddable":true,"href":"https:\/\/vieira-batista.controlinkdev.pt\/en\/wp-json\/wp\/v2\/users\/1"}],"replies":[{"embeddable":true,"href":"https:\/\/vieira-batista.controlinkdev.pt\/en\/wp-json\/wp\/v2\/comments?post=105"}],"version-history":[{"count":19,"href":"https:\/\/vieira-batista.controlinkdev.pt\/en\/wp-json\/wp\/v2\/pages\/105\/revisions"}],"predecessor-version":[{"id":1450,"href":"https:\/\/vieira-batista.controlinkdev.pt\/en\/wp-json\/wp\/v2\/pages\/105\/revisions\/1450"}],"wp:attachment":[{"href":"https:\/\/vieira-batista.controlinkdev.pt\/en\/wp-json\/wp\/v2\/media?parent=105"}],"curies":[{"name":"wp","href":"https:\/\/api.w.org\/{rel}","templated":true}]}}